{"id":102,"date":"2021-02-09T16:21:11","date_gmt":"2021-02-09T16:21:11","guid":{"rendered":"http:\/\/bogojciec.zolkielce.pl\/?page_id=102"},"modified":"2021-02-09T17:49:49","modified_gmt":"2021-02-09T17:49:49","slug":"kontakt-2","status":"publish","type":"page","link":"https:\/\/bogojciec.zolkielce.pl\/?page_id=102","title":{"rendered":"Kontakt"},"content":{"rendered":"\n<p>Kongregation der Diener Jesu<br>Religi\u00f6ses Haus in Kielce<br>25-363 Kielce<br>ul. Weso\u0142a 45<br>Tel. (041) 344 31 14; Tel. 361 68 59<br>E-Mail: kielce@slugi.pl<\/p>\n\n\n\n<p>F\u00fcr die Absicht der Heiligen Messe, Novene zu Gott dem Vater, kontaktieren Sie uns bitte unter:<\/p>\n\n\n\n<p>Tel. 538 514 536 oder E-Mail: slugi_jezusa@kielce.opoka.org.pl<\/p>\n\n\n\n<p>Kontonummer: 47 1240 1372 1111 0010 1389 7951<\/p>\n\n\n\n<p>Titel: Absicht der Heiligen Messe f\u00fcr \u2026; Opfer f\u00fcr die Kapelle \u2026<\/p>\n","protected":false},"excerpt":{"rendered":"<p>Kongregation der Diener JesuReligi\u00f6ses Haus in Kielce25-363 Kielceul. Weso\u0142a 45Tel. (041) 344 31 14; Tel. 361 68 59E-Mail: kielce@slugi.pl F\u00fcr die Absicht der Heiligen Messe, Novene zu Gott dem Vater, kontaktieren Sie uns bitte unter: Tel. 538 514 536 oder E-Mail: slugi_jezusa@kielce.opoka.org.pl Kontonummer: 47 1240 1372 1111 0010 1389 7951 Titel: Absicht der Heiligen Messe [&hellip;]<\/p>\n","protected":false},"author":1,"featured_media":0,"parent":0,"menu_order":0,"comment_status":"closed","ping_status":"closed","template":"","meta":{"footnotes":""},"class_list":["post-102","page","type-page","status-publish","hentry"],"lang":"de","translations":{"de":102,"it":99,"pl":38,"en":104},"pll_sync_post":[],"_links":{"self":[{"href":"https:\/\/bogojciec.zolkielce.pl\/index.php?rest_route=\/wp\/v2\/pages\/102","targetHints":{"allow":["GET"]}}],"collection":[{"href":"https:\/\/bogojciec.zolkielce.pl\/index.php?rest_route=\/wp\/v2\/pages"}],"about":[{"href":"https:\/\/bogojciec.zolkielce.pl\/index.php?rest_route=\/wp\/v2\/types\/page"}],"author":[{"embeddable":true,"href":"https:\/\/bogojciec.zolkielce.pl\/index.php?rest_route=\/wp\/v2\/users\/1"}],"replies":[{"embeddable":true,"href":"https:\/\/bogojciec.zolkielce.pl\/index.php?rest_route=%2Fwp%2Fv2%2Fcomments&post=102"}],"version-history":[{"count":1,"href":"https:\/\/bogojciec.zolkielce.pl\/index.php?rest_route=\/wp\/v2\/pages\/102\/revisions"}],"predecessor-version":[{"id":103,"href":"https:\/\/bogojciec.zolkielce.pl\/index.php?rest_route=\/wp\/v2\/pages\/102\/revisions\/103"}],"wp:attachment":[{"href":"https:\/\/bogojciec.zolkielce.pl\/index.php?rest_route=%2Fwp%2Fv2%2Fmedia&parent=102"}],"curies":[{"name":"wp","href":"https:\/\/api.w.org\/{rel}","templated":true}]}}