{"id":28,"date":"2021-02-06T18:21:10","date_gmt":"2021-02-06T18:21:10","guid":{"rendered":"http:\/\/bogojciec.zolkielce.pl\/?page_id=28"},"modified":"2021-02-06T18:17:30","modified_gmt":"2021-02-06T18:17:30","slug":"litanei-zum-gottvater","status":"publish","type":"page","link":"https:\/\/bogojciec.zolkielce.pl\/?page_id=28","title":{"rendered":"LITANEI ZUM GOTTVATER"},"content":{"rendered":"\n<p>LITANEI ZUM GOTTVATER<br>V\/A Herr erbarme dich<br>V\/A Christus erbarme dich<br>V\/A Herr erbarme dich,<br>V Christus, h\u00f6re uns A Christus, erh\u00f6re uns.<br>V Gott Vater im Himmel, A erbarme dich unser.<br>Gott Sohn, Erl\u00f6ser der Welt,<br>Gott Heiliger Geist,<br>Heiliger dreifaltiger Gott,<br>V Gott unser Vater, der Du im Himmel wohnst, A nimm unsere Anbetung an.<br>Gott unser Vater, du Ewiger und Endloser,<br>Gott unser Vater, deine Ehre \u00fcbersteigt unser Verst\u00e4ndnis,<br>Gott unser Vater, der du vollkommen und unver\u00e4nderbar bist,<br>Gott unser Vater, der du Anfang und Ziel aller Gesch\u00f6pfe bist,<br>Gott unser Vater, aus dir ist vor allem Anfang durch dein Wort dein geliebter Sohn hervorgegangen,<br>Gott unser Vater, der du die Welt so liebst, dass du zu unserem Heil deinen Sohn den Tod hast erleiden lassen,<br>Gott unser Vater, deine Vorsehung bewacht und erh\u00e4lt uns gn\u00e4dig,<br>Gott unser Vater, deine unbegreifliche Heiligkeit preisen die Engel und Heiligen im Himmel,<br>Gott unser Vater, der du durch den heiligen Geist die Kirche Christi leitest,<br>Gott unser Vater, der du uns nach deinem Abbild und deiner \u00c4hnlichkeit geschaffen hast,<br>Gott unser Vater, der du h\u00f6chster Ehre und der tiefsten Liebe w\u00fcrdig bist,<br>Gott unser Vater, durch deine Liebe zu Jesus Christus, deinem Sohn,<br>A flehen wir dich an, erbarme dich unser.<br>Gott unser Vater, durch die Menschwerdung deines Sohnes Jesus Christus,<br>Gott unser Vater, durch das Leiden und den Tod deines Sohnes, Jesus Christus,<br>Gott unser Vater, durch die Auferstehung und Himmelfahrt deines Sohnes Jesus Christus,<br>Gott unser Vater, durch die unz\u00e4hligen und unblutigen Opfer in der Eucharistie, welche dein Sohn Jesus Christus, f\u00fcr uns darbietet,<br>Vor Stolz des Geistes, A bewahre uns, Gottvater.<br>Vor der Undankbarkeit und K\u00e4lte im Hinblick auf Dein Vaterherz,<br>Vor der Untreue zu deinem Sohn Jesus Christus,<br>Vor der Missachtung der Eingebung deines Heiligen Geistes,<br>Vor dem Zweifeln an deiner barmherzigen Liebe,<br>Vor der Lieblosigkeit und der Verschlossenheit des Herzens,<br>Unter deinem milden Mantel der Vorsehung,<br>Den offenen Geist f\u00fcr deine Wahrheit, A gib uns, o Gottvater.<br>Den Willen zur Vereinigung mit deinem Willen,<br>Die immer tiefere Vereinigung mit dir,<br>Die Standhaftigkeit zu dir bis zum Ende unseres Lebens,<br>Den Eifer um das Heil anderer Seelen,<br>Die Demut vor der absoluten Wahrheit,<br>Die Liebe der Reinheit,<br>Die wahre Herzensfreude an der Vereinigung mit dir,<br>Die wachsende \u00c4hnlichkeit zu deinem einzigen Sohn, Jesus Christus,<br>Gottvater, h\u00f6re uns.<br>Gottvater, erh\u00f6re uns.<br>Gottvater, erbarme dich unser.<\/p>\n\n\n\n<p>Das Gebet zu Gottvater<br>Gott, allm\u00e4chtiger und barmherziger Vater, du hast mit deinem Wort alles geschaffen und in deiner Weisheit den Menschen zum Leben berufen, damit er \u00fcber alle Gesch\u00f6pfe herrschen kann. Die ganze Welt ist vor dir wie ein Korn auf der Schale, wie ein Tropfen des Morgentaus, der auf den Boden f\u00e4llt. Du hast mit allem Mitleid, weil alles in deiner Macht ist, und du schlie\u00dft die Augen vor den S\u00fcnden der Menschen, damit sie umkehren.<br>Du liebst alle Gesch\u00f6pfe, du erh\u00e4ltst alle am Leben, weil sie dein sind, o Herr du Freund des Lebens. Denn in allem ist dein unsterblicher Atem.<br>Als wir Menschen durch den Ungehorsam deine Freundschaft verloren haben, hast du uns nicht in der Macht des Todes gelassen. Du hast deinen eingeborenen Sohn gesandt um uns zu erl\u00f6sen. Du hast mit deinem Sohn den Heiligen Geist gesandt, um uns auf dem geraden Weg zur vollkommenen Heiligkeit zu f\u00fchren. Du beschenkst uns auch in F\u00fclle jeden Tag unseres Lebens mit allen G\u00fctern. Daher danken wir dir mit aufrichtigem Herzen, lieber Vater, f\u00fcr all die nat\u00fcrlichen und \u00fcbernat\u00fcrlichen G\u00fcter, vor allem f\u00fcr G\u00fcter und Gnaden, die hier vor deinem heiligen Gnadenbild erfleht wurden.<br>Aber, wie oft verraten wir dich und unsere Wege sind nicht deine Wege. Gib uns also die Kraft, all das in uns zu \u00fcberwinden, was im Gegensatz zu dir steht.<br>Gott unser Vater, der du so gro\u00dfz\u00fcgig und gn\u00e4dig bist, beschenke uns, die wir nicht w\u00fcrdig sind deine Kinder zu hei\u00dfen, mit dem Guten, wonach unser Herz verlangt.<br>Wir bitten dich, m\u00f6ge dein Wille geschehen, weil nur du wei\u00dft, was f\u00fcr uns das Beste ist. Wir haben einen guten Willen, den Vorsatz und den Wunsch, den Weg deiner Gebote zu befolgen. Mit unserem Leben lass uns deine Herrlichkeit und G\u00fcte verk\u00fcnden, die Ehre und Hingabe an dich verbreiten, Gottvater, der du in diesem gnadenvollen Bild dargestellt bist. Dir sei Ehre und Herrlichkeit in Ewigkeit. Amen.<\/p>\n","protected":false},"excerpt":{"rendered":"<p>LITANEI ZUM GOTTVATERV\/A Herr erbarme dichV\/A Christus erbarme dichV\/A Herr erbarme dich,V Christus, h\u00f6re uns A Christus, erh\u00f6re uns.V Gott Vater im Himmel, A erbarme dich unser.Gott Sohn, Erl\u00f6ser der Welt,Gott Heiliger Geist,Heiliger dreifaltiger Gott,V Gott unser Vater, der Du im Himmel wohnst, A nimm unsere Anbetung an.Gott unser Vater, du Ewiger und Endloser,Gott unser [&hellip;]<\/p>\n","protected":false},"author":1,"featured_media":0,"parent":0,"menu_order":0,"comment_status":"closed","ping_status":"closed","template":"","meta":{"footnotes":""},"class_list":["post-28","page","type-page","status-publish","hentry"],"lang":"de","translations":{"de":28,"en":30,"it":32,"pl":34},"pll_sync_post":[],"_links":{"self":[{"href":"https:\/\/bogojciec.zolkielce.pl\/index.php?rest_route=\/wp\/v2\/pages\/28","targetHints":{"allow":["GET"]}}],"collection":[{"href":"https:\/\/bogojciec.zolkielce.pl\/index.php?rest_route=\/wp\/v2\/pages"}],"about":[{"href":"https:\/\/bogojciec.zolkielce.pl\/index.php?rest_route=\/wp\/v2\/types\/page"}],"author":[{"embeddable":true,"href":"https:\/\/bogojciec.zolkielce.pl\/index.php?rest_route=\/wp\/v2\/users\/1"}],"replies":[{"embeddable":true,"href":"https:\/\/bogojciec.zolkielce.pl\/index.php?rest_route=%2Fwp%2Fv2%2Fcomments&post=28"}],"version-history":[{"count":1,"href":"https:\/\/bogojciec.zolkielce.pl\/index.php?rest_route=\/wp\/v2\/pages\/28\/revisions"}],"predecessor-version":[{"id":29,"href":"https:\/\/bogojciec.zolkielce.pl\/index.php?rest_route=\/wp\/v2\/pages\/28\/revisions\/29"}],"wp:attachment":[{"href":"https:\/\/bogojciec.zolkielce.pl\/index.php?rest_route=%2Fwp%2Fv2%2Fmedia&parent=28"}],"curies":[{"name":"wp","href":"https:\/\/api.w.org\/{rel}","templated":true}]}}