{"id":32,"date":"2021-02-06T18:21:10","date_gmt":"2021-02-06T18:21:10","guid":{"rendered":"http:\/\/bogojciec.zolkielce.pl\/?page_id=32"},"modified":"2021-02-06T18:20:34","modified_gmt":"2021-02-06T18:20:34","slug":"novena-a-dio-padre","status":"publish","type":"page","link":"https:\/\/bogojciec.zolkielce.pl\/?page_id=32","title":{"rendered":"NOVENA A DIO PADRE"},"content":{"rendered":"\n<p>NOVENA A DIO PADRE<br>canto:<br>Ant. Tu solo sei Santo, Signore, Dio nostro. (2 volte)<br>1. Grandi e mirabili \/ sono le tue opere, \/ o Signore Dio onnipotente.<br>Ant.<br>2. Giuste e veraci \/ sono le tue vie, \/ o Re dei secoli.<br>Ant.<br>3. Chi non ti temer\u00e0 \/ o Signore, \/ e non glorificher\u00e0 il tuo nome.<br>Ant.<br>4. Tu solo sei santo, \/ e tutti i popoli \/ verranno e si prostreranno davanti a te.<br>Ant.<br>5. Perch\u00e9 i tuoi giudizi \/ si sono manifestati \/ a tutte le genti.<br>Ant.<br>6. Gloria al Padre \/ e al Figlio, \/ e allo Spirito Santo.<br>Ant.<br>7. Come era nel principio \/ e ora e sempre \/ nei secoli dei secoli.<br>Ant.<br>Litanie a Dio Padre<br>Kyrie eleison \u2013 Christe eleison \u2013 Kyrie eleison.<br>Cristo ascoltaci, Cristo esaudiscici.<br>Padre del cielo, che sei Dio<br>&#8211; abbi piet\u00e0 di noi.<br>Figlio, Redentore del mondo, che sei Dio<br>Spirito Santo, che sei Dio<br>Santa Trinit\u00e0, unico Dio<br>Dio, Padre nostro, che sei nei cieli<br>&#8211; accogli la nostra adorazione.<br>Dio, Padre nostro eterno e infinito,<br>Dio, Padre nostro, la cui gloria supera la nostra comprensione,<br>Dio, Padre nostro, perfetto e immutabile,<br>Dio, Padre nostro, che sei il principio e la fine di tutte le creature,<br>Dio, Padre nostro, che generi dai secoli il tuo Figlio prediletto \u2013 il tuo Verbo,<br>Dio, Padre nostro, che hai tanto amato gli uomini, da consegnare il tuo Figlio alla morte per la nostra salvezza,<br>Dio, Padre nostro, la cui benignissima Provvidenza veglia e custodisce,<br>Dio, Padre nostro, la cui incomprensibile santit\u00e0 lodano gli angeli e i santi nel cielo,<br>Dio, Padre nostro, che per mezzo dello Spirito Santo governi la Chiesa di Cristo sulla terra,<br>Dio, Padre nostro, che ci hai creati alla sua immagine e somiglianza,<br>Dio, Padre nostro, degno di pi\u00f9 alto onore e pi\u00f9 profondo amore,<br>Dio, Padre nostro, per il tuo amore verso Ges\u00f9 Cristo, tuo Figlio<br>&#8211; ti preghiamo, abbi piet\u00e0 di noi,<br>Dio, Padre nostro, per l&#8217;Incarnazione del tuo Figlio Ges\u00f9 Cristo,<br>Dio, Padre nostro, per la Passione e la morte del tuo Figlio Ges\u00f9 Cristo,<br>Dio, Padre nostro, per la Risurrezione e l&#8217;Ascensione del tuo Figlio Ges\u00f9 Cristo,<br>Dio, Padre nostro, per gli innumerevoli sacrifici incruenti, che Ti offre per noi il tuo Figlio Ges\u00f9 Cristo,<br>Dio Padre, ascoltaci,<br>Dio Padre, esaudiscici,<br>Dall&#8217;orgoglio della mente<br>&#8211; conservaci, o Dio Padre,<br>Dall&#8217;ingratitudine e dalla freddezza verso il tuo paterno Cuore,<br>Dall&#8217;infedelt\u00e0 verso il tuo Figlio Ges\u00f9 Cristo,<br>Dal disprezzo delle ispirazioni del tuo Santo Spirito,<br>Dalla disperazione nel misericordiosissimo tuo amore,<br>Dalla freddezza del cuore e dalla chiusura in se stesso,<br>Sotto il manto della tua benignissima Provvidenza,<br>La mente aperta alla tua verit\u00e0<br>&#8211; donaci, o Dio Padre,<br>La volont\u00e0 unit\u00e0 alla tua volont\u00e0,<br>L&#8217;unione con te sempre pi\u00f9 perfetta,<br>La perseveranza fino alla fino presso di te,<br>Lo zelo per la salvezza di altre anime,<br>L&#8217;umilt\u00e0 della vera sapienza<br>Amore per la castit\u00e0,<br>La vera gioia del cuore unito al tuo<br>La pi\u00f9 perfetta somiglianza al tuo unico Figlio Ges\u00f9 Cristo,<br>Dio Padre, ascoltaci,<br>Dio Padre, esaudiscici,<br>Dio Padre, abbi piet\u00e0 di noi.<\/p>\n\n\n\n<p>Preghiera<br>Dio, Padre Onnipotente e Signore Misericordioso, che tutto hai creato con la tua parola e con la tua sapienza hai formato l&#8217;uomo, perch\u00e9 domini sulle creature fatte da te. Davanti a te il mondo intero \u00e8 come un seme sulla bilancia, come una goccia di rugiada mattutina, che cade sulla terra. Tu hai piet\u00e0 di tutto, perch\u00e9 tutto \u00e8 nella tua potenza, e chiudi gli occhi ai peccati degli uomini, perch\u00e9 si convertano. Poich\u00e9 tu ami tutte le creature, risparmi tutto, perch\u00e9 tutto \u00e8 tuo, Signore, Amante della vita. Perch\u00e8 il tuo soffio immortale \u00e8 in tutto.<br>Quando, per la sua disobbedienza, l&#8217;uomo perse la tua amicizia, tu non l&#8217;hai abbandonato in potere della morte. Hai mandato il tuo unigenito Figlio per salvarci. Tu, insieme con il tuo Figlio hai mandato lo Spirito Santo, per condurci sulla retta via alla piena santificazione. Tu anche ogni giorno della nostra vita ci ricolmi in abbondanza di ogni bene.<br>Dunque, con il cuore sincero ti ringraziamo, o Padre buono, per tutti i beni naturali e soprannaturali. Specialmente per i beni e le grazie ottenute davanti alla tua santa immagine.<br>Purtroppo spesso ti tradiamo e le nostre vie non sono le tue vie. Aggiungici, dunque, la forza per combattere in noi tutto quello, che \u00e8 contrario a Te.<br>Padre nostro, che sei cos\u00ec generoso e clemente, dona a noi, indegni di chiamarci tuoi figli, quel bene, che i nostri cuori desiderano. Ti preghiamo, ma sia fatta la tua volont\u00e0, perch\u00e9 tu sai meglio, che cosa \u00e8 bene per noi. Abbiamo la buona volont\u00e0, il proposito e il desiderio di camminare sulla via dei tuoi comandamenti, di annunciare con la vita la tua gloria e la tua bont\u00e0, di diffondere l&#8217;onore e la devozione a Te, Dio Padre, raffigurato in questa famosa di grazie immagine. A te la gloria nei secoli. Amen.<br>(Un canto a Dio Padre)<\/p>\n","protected":false},"excerpt":{"rendered":"<p>NOVENA A DIO PADREcanto:Ant. Tu solo sei Santo, Signore, Dio nostro. (2 volte)1. Grandi e mirabili \/ sono le tue opere, \/ o Signore Dio onnipotente.Ant.2. Giuste e veraci \/ sono le tue vie, \/ o Re dei secoli.Ant.3. Chi non ti temer\u00e0 \/ o Signore, \/ e non glorificher\u00e0 il tuo nome.Ant.4. Tu solo [&hellip;]<\/p>\n","protected":false},"author":1,"featured_media":0,"parent":0,"menu_order":0,"comment_status":"closed","ping_status":"closed","template":"","meta":{"footnotes":""},"class_list":["post-32","page","type-page","status-publish","hentry"],"lang":"it","translations":{"it":32,"en":30,"de":28,"pl":34},"pll_sync_post":[],"_links":{"self":[{"href":"https:\/\/bogojciec.zolkielce.pl\/index.php?rest_route=\/wp\/v2\/pages\/32","targetHints":{"allow":["GET"]}}],"collection":[{"href":"https:\/\/bogojciec.zolkielce.pl\/index.php?rest_route=\/wp\/v2\/pages"}],"about":[{"href":"https:\/\/bogojciec.zolkielce.pl\/index.php?rest_route=\/wp\/v2\/types\/page"}],"author":[{"embeddable":true,"href":"https:\/\/bogojciec.zolkielce.pl\/index.php?rest_route=\/wp\/v2\/users\/1"}],"replies":[{"embeddable":true,"href":"https:\/\/bogojciec.zolkielce.pl\/index.php?rest_route=%2Fwp%2Fv2%2Fcomments&post=32"}],"version-history":[{"count":1,"href":"https:\/\/bogojciec.zolkielce.pl\/index.php?rest_route=\/wp\/v2\/pages\/32\/revisions"}],"predecessor-version":[{"id":33,"href":"https:\/\/bogojciec.zolkielce.pl\/index.php?rest_route=\/wp\/v2\/pages\/32\/revisions\/33"}],"wp:attachment":[{"href":"https:\/\/bogojciec.zolkielce.pl\/index.php?rest_route=%2Fwp%2Fv2%2Fmedia&parent=32"}],"curies":[{"name":"wp","href":"https:\/\/api.w.org\/{rel}","templated":true}]}}