{"id":36,"date":"2021-02-09T16:01:34","date_gmt":"2021-02-09T16:01:34","guid":{"rendered":"http:\/\/bogojciec.zolkielce.pl\/?page_id=36"},"modified":"2024-04-19T08:32:12","modified_gmt":"2024-04-19T08:32:12","slug":"dom-zakonny-zsj","status":"publish","type":"page","link":"https:\/\/bogojciec.zolkielce.pl\/?page_id=36","title":{"rendered":"Dom Zakonny ZSJ"},"content":{"rendered":"\n<p>Pocz\u0105tek pracy Si\u00f3str w Kielcach si\u0119ga roku 1897. Zaproszone przez ks. Bronis\u0142awa Obuchowicza, do prowadzenia Schroniska dla Starych S\u0142ug niezdolnych do pracy, siostry podj\u0119\u0142y te\u017c prac\u0119 w szkole kucharek przy sto\u0142\u00f3wce powsta\u0142ej obok Schroniska. Otworzy\u0142y r\u00f3wnie\u017c pralni\u0119 i pracowni\u0119 trykotarsk\u0105, w kt\u00f3rych kszta\u0142ci\u0142y si\u0119 m\u0142ode s\u0142u\u017c\u0105ce. Dzie\u0142a te siostry prowadzi\u0142y do 1901 r. <\/p>\n\n\n\n<p>S\u0142ugi Jezusa powr\u00f3ci\u0142y do Kielc w 1937 roku i rozpocz\u0119\u0142y prac\u0119 w\u015br\u00f3d s\u0142u\u017c\u0105cych nale\u017c\u0105cych do Stowarzyszenia Katolickich S\u0142u\u017c\u0105cych \u015bw. Zyty. Prowadzi\u0142y Dom przy ul. Weso\u0142ej 45 dla starych i chorych s\u0142u\u017c\u0105cych. By utrzyma\u0107 Dom siostry za\u0142o\u017cy\u0142y te\u017c Kuchni\u0119 Spo\u0142eczn\u0105 i Pralni\u0119 Us\u0142ugow\u0105.<\/p>\n\n\n\n<p>Po likwidacji Stowarzyszenia Katolickich S\u0142u\u017c\u0105cych \u015bw. Zyty, w roku 1959 Dom zosta\u0142 przej\u0119ty przez Oddzia\u0142 Wojew\u00f3dzki Caritas. W roku 1975 nast\u0105pi\u0142a reorganizacja Domu \u2013 powsta\u0142 Dom Pomocy Spo\u0142ecznej dla Doros\u0142ych. Siostry pracowa\u0142y w DPS-ie oraz nadal prowadzi\u0142y Kuchni\u0119 Spo\u0142eczn\u0105 i Pralni\u0119 Us\u0142ugow\u0105.<\/p>\n\n\n\n<p>W 1990 r. po likwidacji pa\u0144stwowej \u201eCaritas&#8221; Dom Pomocy Spo\u0142ecznej zosta\u0142 przekszta\u0142cony w Zak\u0142ad Opieku\u0144czo-Leczniczy dla Przewlekle Chorych, w kt\u00f3rym obecnie przebywa 60 pa\u0144 podopiecznych. W Zak\u0142adzie otaczane s\u0105 ca\u0142odobow\u0105 opiek\u0105 medyczn\u0105 kobiety samotne i przewlekle chore, kt\u00f3rym siostry jak te\u017c liczny personel \u015bwiecki staraj\u0105 si\u0119 pom\u00f3c w odzyskaniu mo\u017cliwie najwi\u0119kszego zakresu sprawno\u015bci, czy te\u017c poprawy jako\u015bci \u017cycia. Pobyt w Zak\u0142adzie jest dla wielu z nich okazj\u0105 do uporz\u0105dkowania \u017cycia i odnalezieniem sensu cierpienia w chorobie, a tak\u017ce daje mo\u017cliwo\u015b\u0107 godnego i spokojnego prze\u017cycia staro\u015bci czy samotno\u015bci.<\/p>\n","protected":false},"excerpt":{"rendered":"<p>Pocz\u0105tek pracy Si\u00f3str w Kielcach si\u0119ga roku 1897. Zaproszone przez ks. Bronis\u0142awa Obuchowicza, do prowadzenia Schroniska dla Starych S\u0142ug niezdolnych do pracy, siostry podj\u0119\u0142y te\u017c prac\u0119 w szkole kucharek przy sto\u0142\u00f3wce powsta\u0142ej obok Schroniska. Otworzy\u0142y r\u00f3wnie\u017c pralni\u0119 i pracowni\u0119 trykotarsk\u0105, w kt\u00f3rych kszta\u0142ci\u0142y si\u0119 m\u0142ode s\u0142u\u017c\u0105ce. Dzie\u0142a te siostry prowadzi\u0142y do 1901 r. S\u0142ugi Jezusa [&hellip;]<\/p>\n","protected":false},"author":1,"featured_media":0,"parent":542,"menu_order":0,"comment_status":"closed","ping_status":"closed","template":"","meta":{"footnotes":""},"class_list":["post-36","page","type-page","status-publish","hentry"],"lang":"pl","translations":{"pl":36},"pll_sync_post":[],"_links":{"self":[{"href":"https:\/\/bogojciec.zolkielce.pl\/index.php?rest_route=\/wp\/v2\/pages\/36","targetHints":{"allow":["GET"]}}],"collection":[{"href":"https:\/\/bogojciec.zolkielce.pl\/index.php?rest_route=\/wp\/v2\/pages"}],"about":[{"href":"https:\/\/bogojciec.zolkielce.pl\/index.php?rest_route=\/wp\/v2\/types\/page"}],"author":[{"embeddable":true,"href":"https:\/\/bogojciec.zolkielce.pl\/index.php?rest_route=\/wp\/v2\/users\/1"}],"replies":[{"embeddable":true,"href":"https:\/\/bogojciec.zolkielce.pl\/index.php?rest_route=%2Fwp%2Fv2%2Fcomments&post=36"}],"version-history":[{"count":3,"href":"https:\/\/bogojciec.zolkielce.pl\/index.php?rest_route=\/wp\/v2\/pages\/36\/revisions"}],"predecessor-version":[{"id":1476,"href":"https:\/\/bogojciec.zolkielce.pl\/index.php?rest_route=\/wp\/v2\/pages\/36\/revisions\/1476"}],"up":[{"embeddable":true,"href":"https:\/\/bogojciec.zolkielce.pl\/index.php?rest_route=\/wp\/v2\/pages\/542"}],"wp:attachment":[{"href":"https:\/\/bogojciec.zolkielce.pl\/index.php?rest_route=%2Fwp%2Fv2%2Fmedia&parent=36"}],"curies":[{"name":"wp","href":"https:\/\/api.w.org\/{rel}","templated":true}]}}