{"id":70,"date":"2021-02-09T17:04:09","date_gmt":"2021-02-09T17:04:09","guid":{"rendered":"http:\/\/bogojciec.zolkielce.pl\/?page_id=70"},"modified":"2025-05-27T10:10:02","modified_gmt":"2025-05-27T10:10:02","slug":"strona-glowna","status":"publish","type":"page","link":"https:\/\/bogojciec.zolkielce.pl\/","title":{"rendered":"Strona g\u0142\u00f3wna"},"content":{"rendered":"\t\t<div data-elementor-type=\"wp-page\" data-elementor-id=\"70\" class=\"elementor elementor-70\">\n\t\t\t\t\t\t<section class=\"elementor-section elementor-top-section elementor-element elementor-element-a39b496 elementor-section-boxed elementor-section-height-default elementor-section-height-default\" data-id=\"a39b496\" data-element_type=\"section\" data-e-type=\"section\">\n\t\t\t\t\t\t<div class=\"elementor-container elementor-column-gap-default\">\n\t\t\t\t\t<div class=\"elementor-column elementor-col-100 elementor-top-column elementor-element elementor-element-a3db637\" data-id=\"a3db637\" data-element_type=\"column\" data-e-type=\"column\">\n\t\t\t<div class=\"elementor-widget-wrap elementor-element-populated\">\n\t\t\t\t\t\t<section class=\"elementor-section elementor-inner-section elementor-element elementor-element-9fb4b46 elementor-section-boxed elementor-section-height-default elementor-section-height-default\" data-id=\"9fb4b46\" data-element_type=\"section\" data-e-type=\"section\">\n\t\t\t\t\t\t<div class=\"elementor-container elementor-column-gap-default\">\n\t\t\t\t\t<div class=\"elementor-column elementor-col-100 elementor-inner-column elementor-element elementor-element-1b5a43d\" data-id=\"1b5a43d\" data-element_type=\"column\" data-e-type=\"column\">\n\t\t\t<div class=\"elementor-widget-wrap elementor-element-populated\">\n\t\t\t\t\t\t<div class=\"elementor-element elementor-element-7ddc5ce elementor-widget elementor-widget-heading\" data-id=\"7ddc5ce\" data-element_type=\"widget\" data-e-type=\"widget\" data-widget_type=\"heading.default\">\n\t\t\t\t<div class=\"elementor-widget-container\">\n\t\t\t\t\t<h2 class=\"elementor-heading-title elementor-size-default\">Kaplica z obrazem Boga Ojca<\/h2>\t\t\t\t<\/div>\n\t\t\t\t<\/div>\n\t\t\t\t<div class=\"elementor-element elementor-element-7a53938 elementor-widget-divider--view-line elementor-widget elementor-widget-divider\" data-id=\"7a53938\" data-element_type=\"widget\" data-e-type=\"widget\" data-widget_type=\"divider.default\">\n\t\t\t\t<div class=\"elementor-widget-container\">\n\t\t\t\t\t\t\t<div class=\"elementor-divider\">\n\t\t\t<span class=\"elementor-divider-separator\">\n\t\t\t\t\t\t<\/span>\n\t\t<\/div>\n\t\t\t\t\t\t<\/div>\n\t\t\t\t<\/div>\n\t\t\t\t\t<\/div>\n\t\t<\/div>\n\t\t\t\t\t<\/div>\n\t\t<\/section>\n\t\t\t\t<section class=\"elementor-section elementor-inner-section elementor-element elementor-element-8bdd1ff elementor-section-boxed elementor-section-height-default elementor-section-height-default\" data-id=\"8bdd1ff\" data-element_type=\"section\" data-e-type=\"section\">\n\t\t\t\t\t\t<div class=\"elementor-container elementor-column-gap-default\">\n\t\t\t\t\t<div class=\"elementor-column elementor-col-100 elementor-inner-column elementor-element elementor-element-c2f49f9\" data-id=\"c2f49f9\" data-element_type=\"column\" data-e-type=\"column\">\n\t\t\t<div class=\"elementor-widget-wrap elementor-element-populated\">\n\t\t\t\t\t\t<div class=\"elementor-element elementor-element-0dd3ae9 elementor-widget elementor-widget-text-editor\" data-id=\"0dd3ae9\" data-element_type=\"widget\" data-e-type=\"widget\" data-widget_type=\"text-editor.default\">\n\t\t\t\t<div class=\"elementor-widget-container\">\n\t\t\t\t\t\t\t\t\t<p class=\"has-text-align-center\" style=\"text-align: left;\">Na terenie Zak\u0142adu Opieku\u0144czo-Leczniczego dla Przewlekle Chorych przy ul. Weso\u0142ej 45 w Kielcach znajduje si\u0119 Kaplica ze s\u0142yn\u0105cym \u0142askami Obrazem Boga Ojca. Obraz ten zosta\u0142 podarowany przez pana Anastazego Rogowskiego Zgromadzeniu S\u0142ugi Jezusa prowadz\u0105cemu niniejszy ZOL.<\/p><p class=\"has-text-align-center\" style=\"text-align: left;\">Kaplica ta nawiedzana jest przez wiernych z ca\u0142ego kraju, kt\u00f3rzy przychodz\u0105 z g\u0142\u0119bok\u0105 wiar\u0105 prosz\u0105c Boga Ojca o potrzebne \u0142aski dla siebie i swoich bliskich.<\/p><p>\u0141askami s\u0142yn\u0105cy obraz Boga Ojca otaczany jest coraz wi\u0119ksz\u0105 kultem, o czym \u015bwiadcz\u0105 liczne listy z podzi\u0119kowaniem za otrzymane \u0142aski, z pro\u015bb\u0105 o sprawowanie Mszy \u015bw. przed cudownym obrazem.<\/p><p>Nawiedzaj\u0105c Kaplic\u0119 z Cudownym Obrazem \/b\u0105d\u017a te\u017c za po\u015brednictwem poczty\/ mo\u017cna otrzyma\u0107 obrazki z wizerunkiem Boga Ojca oraz ksi\u0105\u017ceczki z histori\u0105 obrazu i tekstem nowenny.<\/p><p>Od 2020 r. w pierwsz\u0105 niedziel\u0119 sierpnia, w samo \u015bwi\u0119to ku czci Boga Ojca mo\u017cna uzyska\u0107 odpust zupe\u0142ny dany przez\u00a0PENITENCJARIA APOSTOLSKA,\u00a0Prot. N. 1138\/19\/1 z dnia 12 czerwca 2020 r.\u00a0<em>(jego tre\u015b\u0107 z\u0142\u0105czono w zak\u0142adce &#8222;HISTORIA&#8221;).<\/em><\/p>\t\t\t\t\t\t\t\t<\/div>\n\t\t\t\t<\/div>\n\t\t\t\t\t<\/div>\n\t\t<\/div>\n\t\t\t\t\t<\/div>\n\t\t<\/section>\n\t\t\t\t<section class=\"elementor-section elementor-inner-section elementor-element elementor-element-2f27164 elementor-section-boxed elementor-section-height-default elementor-section-height-default\" data-id=\"2f27164\" data-element_type=\"section\" data-e-type=\"section\">\n\t\t\t\t\t\t<div class=\"elementor-container elementor-column-gap-default\">\n\t\t\t\t\t<div class=\"elementor-column elementor-col-100 elementor-inner-column elementor-element elementor-element-6fb66bd\" data-id=\"6fb66bd\" data-element_type=\"column\" data-e-type=\"column\">\n\t\t\t<div class=\"elementor-widget-wrap elementor-element-populated\">\n\t\t\t\t\t\t<div class=\"elementor-element elementor-element-a2f6d7e elementor-widget elementor-widget-heading\" data-id=\"a2f6d7e\" data-element_type=\"widget\" data-e-type=\"widget\" data-widget_type=\"heading.default\">\n\t\t\t\t<div class=\"elementor-widget-container\">\n\t\t\t\t\t<h2 class=\"elementor-heading-title elementor-size-default\">Aktualno\u015bci<\/h2>\t\t\t\t<\/div>\n\t\t\t\t<\/div>\n\t\t\t\t<div class=\"elementor-element elementor-element-ee9c3ea elementor-widget-divider--view-line elementor-widget elementor-widget-divider\" data-id=\"ee9c3ea\" data-element_type=\"widget\" data-e-type=\"widget\" data-widget_type=\"divider.default\">\n\t\t\t\t<div class=\"elementor-widget-container\">\n\t\t\t\t\t\t\t<div class=\"elementor-divider\">\n\t\t\t<span class=\"elementor-divider-separator\">\n\t\t\t\t\t\t<\/span>\n\t\t<\/div>\n\t\t\t\t\t\t<\/div>\n\t\t\t\t<\/div>\n\t\t\t\t\t<\/div>\n\t\t<\/div>\n\t\t\t\t\t<\/div>\n\t\t<\/section>\n\t\t\t\t<section class=\"elementor-section elementor-inner-section elementor-element elementor-element-f5617ad elementor-section-boxed elementor-section-height-default elementor-section-height-default\" data-id=\"f5617ad\" data-element_type=\"section\" data-e-type=\"section\">\n\t\t\t\t\t\t<div class=\"elementor-container elementor-column-gap-default\">\n\t\t\t\t\t<div class=\"elementor-column elementor-col-100 elementor-inner-column elementor-element elementor-element-3a5e2ed\" data-id=\"3a5e2ed\" data-element_type=\"column\" data-e-type=\"column\">\n\t\t\t<div class=\"elementor-widget-wrap elementor-element-populated\">\n\t\t\t\t\t\t<div class=\"elementor-element elementor-element-fc309fb elementor-grid-2 elementor-posts--align-center elementor-grid-tablet-2 elementor-grid-mobile-1 elementor-posts--thumbnail-top elementor-widget elementor-widget-posts\" data-id=\"fc309fb\" data-element_type=\"widget\" data-e-type=\"widget\" data-settings=\"{&quot;classic_columns&quot;:&quot;2&quot;,&quot;classic_row_gap&quot;:{&quot;unit&quot;:&quot;px&quot;,&quot;size&quot;:36,&quot;sizes&quot;:[]},&quot;classic_columns_tablet&quot;:&quot;2&quot;,&quot;classic_columns_mobile&quot;:&quot;1&quot;,&quot;classic_row_gap_tablet&quot;:{&quot;unit&quot;:&quot;px&quot;,&quot;size&quot;:&quot;&quot;,&quot;sizes&quot;:[]},&quot;classic_row_gap_mobile&quot;:{&quot;unit&quot;:&quot;px&quot;,&quot;size&quot;:&quot;&quot;,&quot;sizes&quot;:[]}}\" data-widget_type=\"posts.classic\">\n\t\t\t\t<div class=\"elementor-widget-container\">\n\t\t\t\t\t\t\t<div class=\"elementor-posts-container elementor-posts elementor-posts--skin-classic elementor-grid\">\n\t\t\t\t<article class=\"elementor-post elementor-grid-item post-1569 post type-post status-publish format-standard hentry category-aktualnosci category-bez-kategorii-pl\">\n\t\t\t\t<div class=\"elementor-post__text\">\n\t\t\t\t<h2 class=\"elementor-post__title\">\n\t\t\t<a href=\"https:\/\/bogojciec.zolkielce.pl\/?p=1569\" >\n\t\t\t\tMsze \u015awi\u0119te w pierwsze poniedzia\u0142ki ka\u017cdego miesi\u0105ca 2026 roku\t\t\t<\/a>\n\t\t<\/h2>\n\t\t\t\t<div class=\"elementor-post__meta-data\">\n\t\t\t\t\t<span class=\"elementor-post-date\">\n\t\t\t31 grudnia, 2025\t\t<\/span>\n\t\t\t\t<\/div>\n\t\t\t\t<div class=\"elementor-post__excerpt\">\n\t\t\t\t\t<\/div>\n\t\t\n\t\t<a class=\"elementor-post__read-more\" href=\"https:\/\/bogojciec.zolkielce.pl\/?p=1569\" >\n\t\t\tWi\u0119cej \u00bb\t\t<\/a>\n\n\t\t\t\t<\/div>\n\t\t\t\t<\/article>\n\t\t\t\t<article class=\"elementor-post elementor-grid-item post-1520 post type-post status-publish format-standard has-post-thumbnail hentry category-aktualnosci category-bez-kategorii-pl\">\n\t\t\t\t<a class=\"elementor-post__thumbnail__link\" href=\"https:\/\/bogojciec.zolkielce.pl\/?p=1520\" >\n\t\t\t<div class=\"elementor-post__thumbnail\"><img fetchpriority=\"high\" decoding=\"async\" width=\"768\" height=\"574\" src=\"https:\/\/bogojciec.zolkielce.pl\/wp-content\/uploads\/2025\/07\/swieto-BO-2025-1-768x574.jpg\" class=\"attachment-medium_large size-medium_large wp-image-1521\" alt=\"\" srcset=\"https:\/\/bogojciec.zolkielce.pl\/wp-content\/uploads\/2025\/07\/swieto-BO-2025-1-768x574.jpg 768w, https:\/\/bogojciec.zolkielce.pl\/wp-content\/uploads\/2025\/07\/swieto-BO-2025-1-300x224.jpg 300w, https:\/\/bogojciec.zolkielce.pl\/wp-content\/uploads\/2025\/07\/swieto-BO-2025-1-1024x765.jpg 1024w, https:\/\/bogojciec.zolkielce.pl\/wp-content\/uploads\/2025\/07\/swieto-BO-2025-1-1536x1148.jpg 1536w, https:\/\/bogojciec.zolkielce.pl\/wp-content\/uploads\/2025\/07\/swieto-BO-2025-1-2048x1530.jpg 2048w\" sizes=\"(max-width: 768px) 100vw, 768px\" \/><\/div>\n\t\t<\/a>\n\t\t\t\t<div class=\"elementor-post__text\">\n\t\t\t\t<h2 class=\"elementor-post__title\">\n\t\t\t<a href=\"https:\/\/bogojciec.zolkielce.pl\/?p=1520\" >\n\t\t\t\t\u015awi\u0119to Boga Ojca  &#8211; 3.VIII.2025 r.\t\t\t<\/a>\n\t\t<\/h2>\n\t\t\t\t<div class=\"elementor-post__meta-data\">\n\t\t\t\t\t<span class=\"elementor-post-date\">\n\t\t\t9 lipca, 2025\t\t<\/span>\n\t\t\t\t<\/div>\n\t\t\t\t<div class=\"elementor-post__excerpt\">\n\t\t\t\t\t<\/div>\n\t\t\n\t\t<a class=\"elementor-post__read-more\" href=\"https:\/\/bogojciec.zolkielce.pl\/?p=1520\" >\n\t\t\tWi\u0119cej \u00bb\t\t<\/a>\n\n\t\t\t\t<\/div>\n\t\t\t\t<\/article>\n\t\t\t\t<article class=\"elementor-post elementor-grid-item post-1497 post type-post status-publish format-standard has-post-thumbnail hentry category-aktualnosci category-bez-kategorii-pl\">\n\t\t\t\t<a class=\"elementor-post__thumbnail__link\" href=\"https:\/\/bogojciec.zolkielce.pl\/?p=1497\" >\n\t\t\t<div class=\"elementor-post__thumbnail\"><img decoding=\"async\" width=\"768\" height=\"1086\" src=\"https:\/\/bogojciec.zolkielce.pl\/wp-content\/uploads\/2024\/12\/Jubileusz-2025-w-kaplicy-ZOL-Plakat-1-001-768x1086.jpg\" class=\"attachment-medium_large size-medium_large wp-image-1498\" alt=\"\" srcset=\"https:\/\/bogojciec.zolkielce.pl\/wp-content\/uploads\/2024\/12\/Jubileusz-2025-w-kaplicy-ZOL-Plakat-1-001-768x1086.jpg 768w, https:\/\/bogojciec.zolkielce.pl\/wp-content\/uploads\/2024\/12\/Jubileusz-2025-w-kaplicy-ZOL-Plakat-1-001-212x300.jpg 212w, https:\/\/bogojciec.zolkielce.pl\/wp-content\/uploads\/2024\/12\/Jubileusz-2025-w-kaplicy-ZOL-Plakat-1-001-724x1024.jpg 724w, https:\/\/bogojciec.zolkielce.pl\/wp-content\/uploads\/2024\/12\/Jubileusz-2025-w-kaplicy-ZOL-Plakat-1-001-1086x1536.jpg 1086w, https:\/\/bogojciec.zolkielce.pl\/wp-content\/uploads\/2024\/12\/Jubileusz-2025-w-kaplicy-ZOL-Plakat-1-001-1448x2048.jpg 1448w, https:\/\/bogojciec.zolkielce.pl\/wp-content\/uploads\/2024\/12\/Jubileusz-2025-w-kaplicy-ZOL-Plakat-1-001-scaled.jpg 1810w\" sizes=\"(max-width: 768px) 100vw, 768px\" \/><\/div>\n\t\t<\/a>\n\t\t\t\t<div class=\"elementor-post__text\">\n\t\t\t\t<h2 class=\"elementor-post__title\">\n\t\t\t<a href=\"https:\/\/bogojciec.zolkielce.pl\/?p=1497\" >\n\t\t\t\t2025 ROK JUBILEUSZOWY\t\t\t<\/a>\n\t\t<\/h2>\n\t\t\t\t<div class=\"elementor-post__meta-data\">\n\t\t\t\t\t<span class=\"elementor-post-date\">\n\t\t\t23 grudnia, 2024\t\t<\/span>\n\t\t\t\t<\/div>\n\t\t\t\t<div class=\"elementor-post__excerpt\">\n\t\t\t<p>W roku jubileuszowym, zapraszamy w ka\u017cdy pierwszy poniedzia\u0142ek miesi\u0105ca, na wieczorn\u0105 Msz\u0119 \u015awi\u0119t\u0105 o godz. 18.00.<\/p>\n\t\t<\/div>\n\t\t\n\t\t<a class=\"elementor-post__read-more\" href=\"https:\/\/bogojciec.zolkielce.pl\/?p=1497\" >\n\t\t\tWi\u0119cej \u00bb\t\t<\/a>\n\n\t\t\t\t<\/div>\n\t\t\t\t<\/article>\n\t\t\t\t<article class=\"elementor-post elementor-grid-item post-1484 post type-post status-publish format-standard has-post-thumbnail hentry category-aktualnosci category-bez-kategorii-pl\">\n\t\t\t\t<a class=\"elementor-post__thumbnail__link\" href=\"https:\/\/bogojciec.zolkielce.pl\/?p=1484\" >\n\t\t\t<div class=\"elementor-post__thumbnail\"><img decoding=\"async\" width=\"768\" height=\"543\" src=\"https:\/\/bogojciec.zolkielce.pl\/wp-content\/uploads\/2024\/07\/odpust-2024-strona-001-768x543.jpg\" class=\"attachment-medium_large size-medium_large wp-image-1485\" alt=\"\" srcset=\"https:\/\/bogojciec.zolkielce.pl\/wp-content\/uploads\/2024\/07\/odpust-2024-strona-001-768x543.jpg 768w, https:\/\/bogojciec.zolkielce.pl\/wp-content\/uploads\/2024\/07\/odpust-2024-strona-001-300x212.jpg 300w, https:\/\/bogojciec.zolkielce.pl\/wp-content\/uploads\/2024\/07\/odpust-2024-strona-001-1024x724.jpg 1024w, https:\/\/bogojciec.zolkielce.pl\/wp-content\/uploads\/2024\/07\/odpust-2024-strona-001-1536x1086.jpg 1536w, https:\/\/bogojciec.zolkielce.pl\/wp-content\/uploads\/2024\/07\/odpust-2024-strona-001.jpg 1684w\" sizes=\"(max-width: 768px) 100vw, 768px\" \/><\/div>\n\t\t<\/a>\n\t\t\t\t<div class=\"elementor-post__text\">\n\t\t\t\t<h2 class=\"elementor-post__title\">\n\t\t\t<a href=\"https:\/\/bogojciec.zolkielce.pl\/?p=1484\" >\n\t\t\t\tOdpust ku czci Boga Ojca &#8211; 2024\t\t\t<\/a>\n\t\t<\/h2>\n\t\t\t\t<div class=\"elementor-post__meta-data\">\n\t\t\t\t\t<span class=\"elementor-post-date\">\n\t\t\t12 lipca, 2024\t\t<\/span>\n\t\t\t\t<\/div>\n\t\t\t\t<div class=\"elementor-post__excerpt\">\n\t\t\t\t\t<\/div>\n\t\t\n\t\t<a class=\"elementor-post__read-more\" href=\"https:\/\/bogojciec.zolkielce.pl\/?p=1484\" >\n\t\t\tWi\u0119cej \u00bb\t\t<\/a>\n\n\t\t\t\t<\/div>\n\t\t\t\t<\/article>\n\t\t\t\t<\/div>\n\n\n\t\t\n\t\t\t\t\t\t<\/div>\n\t\t\t\t<\/div>\n\t\t\t\t\t<\/div>\n\t\t<\/div>\n\t\t\t\t\t<\/div>\n\t\t<\/section>\n\t\t\t\t\t<\/div>\n\t\t<\/div>\n\t\t\t\t\t<\/div>\n\t\t<\/section>\n\t\t\t\t<\/div>\n\t\t","protected":false},"excerpt":{"rendered":"<p>Kaplica z obrazem Boga Ojca Na terenie Zak\u0142adu Opieku\u0144czo-Leczniczego dla Przewlekle Chorych przy ul. Weso\u0142ej 45 w Kielcach znajduje si\u0119 Kaplica ze s\u0142yn\u0105cym \u0142askami Obrazem Boga Ojca. Obraz ten zosta\u0142 podarowany przez pana Anastazego Rogowskiego Zgromadzeniu S\u0142ugi Jezusa prowadz\u0105cemu niniejszy ZOL. Kaplica ta nawiedzana jest przez wiernych z ca\u0142ego kraju, kt\u00f3rzy przychodz\u0105 z g\u0142\u0119bok\u0105 wiar\u0105 [&hellip;]<\/p>\n","protected":false},"author":1,"featured_media":0,"parent":0,"menu_order":0,"comment_status":"closed","ping_status":"closed","template":"","meta":{"footnotes":""},"class_list":["post-70","page","type-page","status-publish","hentry"],"lang":"pl","translations":{"pl":70,"de":77,"en":79,"it":81},"pll_sync_post":[],"_links":{"self":[{"href":"https:\/\/bogojciec.zolkielce.pl\/index.php?rest_route=\/wp\/v2\/pages\/70","targetHints":{"allow":["GET"]}}],"collection":[{"href":"https:\/\/bogojciec.zolkielce.pl\/index.php?rest_route=\/wp\/v2\/pages"}],"about":[{"href":"https:\/\/bogojciec.zolkielce.pl\/index.php?rest_route=\/wp\/v2\/types\/page"}],"author":[{"embeddable":true,"href":"https:\/\/bogojciec.zolkielce.pl\/index.php?rest_route=\/wp\/v2\/users\/1"}],"replies":[{"embeddable":true,"href":"https:\/\/bogojciec.zolkielce.pl\/index.php?rest_route=%2Fwp%2Fv2%2Fcomments&post=70"}],"version-history":[{"count":175,"href":"https:\/\/bogojciec.zolkielce.pl\/index.php?rest_route=\/wp\/v2\/pages\/70\/revisions"}],"predecessor-version":[{"id":1509,"href":"https:\/\/bogojciec.zolkielce.pl\/index.php?rest_route=\/wp\/v2\/pages\/70\/revisions\/1509"}],"wp:attachment":[{"href":"https:\/\/bogojciec.zolkielce.pl\/index.php?rest_route=%2Fwp%2Fv2%2Fmedia&parent=70"}],"curies":[{"name":"wp","href":"https:\/\/api.w.org\/{rel}","templated":true}]}}