{"id":77,"date":"2021-02-09T17:04:09","date_gmt":"2021-02-09T17:04:09","guid":{"rendered":"http:\/\/bogojciec.zolkielce.pl\/?page_id=77"},"modified":"2021-02-15T23:00:24","modified_gmt":"2021-02-15T23:00:24","slug":"startseite","status":"publish","type":"page","link":"https:\/\/bogojciec.zolkielce.pl\/?page_id=77","title":{"rendered":"Startseite"},"content":{"rendered":"\n<p>In den R\u00e4umlichkeiten des Pflege- und Behandlungszentrums f\u00fcr chronisch Kranke an der Ul. In Weso\u0142a 45 in Kielce befindet sich eine Kapelle mit dem Bild Gottes des Vaters, das f\u00fcr seine Gnaden ber\u00fchmt ist. Dieses Gem\u00e4lde wurde von Herrn Anastazy Rogowski an die Kongregation des Dieners Jesu gespendet, die diese ZOL leitet.<\/p>\n\n\n\n<p>Diese Kapelle wird von Gl\u00e4ubigen aus dem ganzen Land besucht, die mit tiefem Glauben kommen und Gott den Vater um die notwendigen Gef\u00e4lligkeiten f\u00fcr sich und ihre Lieben bitten.<\/p>\n\n\n\n<p>Das Bild von Gott dem Vater, das f\u00fcr seine Gunst ber\u00fchmt ist, wird immer mehr verehrt, wie zahlreiche Dankesbriefe f\u00fcr die erhaltenen Gunst belegen, in denen um die Feier der Heiligen Messe gebeten wird. vor einem wundersch\u00f6nen Bild.<br>Die t\u00e4gliche Messe wird in der Kapelle gefeiert:<\/p>\n\n\n\n<ul class=\"wp-block-list\"><li>an Wochentagen um 6,55,<\/li><li>an Sonn- und Feiertagen um 7.30.<\/li><\/ul>\n\n\n\n<p>Au\u00dferdem jeden Montag nach der Messe Eine Novene f\u00fcr Gott den Vater wird f\u00fcr die ihm anvertrauten Absichten gefeiert.<\/p>\n\n\n\n<p>Wenn Sie die Kapelle mit dem Wunderbild \/ oder per Post \/ besuchen, k\u00f6nnen Sie Bilder mit dem Bild Gottes des Vaters und B\u00fccher mit der Geschichte des Gem\u00e4ldes und dem Text der Novene erhalten.<\/p>\n","protected":false},"excerpt":{"rendered":"<p>In den R\u00e4umlichkeiten des Pflege- und Behandlungszentrums f\u00fcr chronisch Kranke an der Ul. In Weso\u0142a 45 in Kielce befindet sich eine Kapelle mit dem Bild Gottes des Vaters, das f\u00fcr seine Gnaden ber\u00fchmt ist. Dieses Gem\u00e4lde wurde von Herrn Anastazy Rogowski an die Kongregation des Dieners Jesu gespendet, die diese ZOL leitet. Diese Kapelle wird [&hellip;]<\/p>\n","protected":false},"author":1,"featured_media":0,"parent":0,"menu_order":0,"comment_status":"closed","ping_status":"closed","template":"","meta":{"footnotes":""},"class_list":["post-77","page","type-page","status-publish","hentry"],"lang":"de","translations":{"de":77,"pl":70,"en":79,"it":81},"pll_sync_post":[],"_links":{"self":[{"href":"https:\/\/bogojciec.zolkielce.pl\/index.php?rest_route=\/wp\/v2\/pages\/77","targetHints":{"allow":["GET"]}}],"collection":[{"href":"https:\/\/bogojciec.zolkielce.pl\/index.php?rest_route=\/wp\/v2\/pages"}],"about":[{"href":"https:\/\/bogojciec.zolkielce.pl\/index.php?rest_route=\/wp\/v2\/types\/page"}],"author":[{"embeddable":true,"href":"https:\/\/bogojciec.zolkielce.pl\/index.php?rest_route=\/wp\/v2\/users\/1"}],"replies":[{"embeddable":true,"href":"https:\/\/bogojciec.zolkielce.pl\/index.php?rest_route=%2Fwp%2Fv2%2Fcomments&post=77"}],"version-history":[{"count":4,"href":"https:\/\/bogojciec.zolkielce.pl\/index.php?rest_route=\/wp\/v2\/pages\/77\/revisions"}],"predecessor-version":[{"id":125,"href":"https:\/\/bogojciec.zolkielce.pl\/index.php?rest_route=\/wp\/v2\/pages\/77\/revisions\/125"}],"wp:attachment":[{"href":"https:\/\/bogojciec.zolkielce.pl\/index.php?rest_route=%2Fwp%2Fv2%2Fmedia&parent=77"}],"curies":[{"name":"wp","href":"https:\/\/api.w.org\/{rel}","templated":true}]}}